{"id":8,"date":"2025-12-18T16:53:10","date_gmt":"2025-12-18T16:53:10","guid":{"rendered":"https:\/\/sims.stocktrak.com\/borsihai\/?page_id=8"},"modified":"2026-02-03T21:18:34","modified_gmt":"2026-02-03T21:18:34","slug":"et","status":"publish","type":"page","link":"https:\/\/sims.stocktrak.com\/borsihai\/et\/","title":{"rendered":"ET"},"content":{"rendered":"\n<style>\na[href='https:\/\/sims.stocktrak.com\/borsihai\/et\/']{\n font-weight:bold;\ntext-decoration:underline;\n}\n.age-panel {\n  padding: 2.5rem;\n}\n.age-panel_inner {\n  max-width: 520px;\n  margin: 0 auto;\n}\n.title {\n    text-align:center;\n}\n\nfieldset.fieldset {\n    border:none;\n}\n.login-callout {\n    text-align:center;\n}\n.button{\n    background-color:black;\n    }\n.disclaimer{\ndisplay:none;\n}\n<\/style>\n\n\n\n<div class=\"grid-container\">\n  <div class=\"grid-x grid-padding-x align-center\">\n    <!-- Make the outer panel wider -->\n    <div class=\"cell small-12 medium-10 large-8\">\n\n      <!-- Outer padded panel -->\n      <div class=\"callout age-panel\">\n        <!-- Inner fixed-width form area -->\n        <div class=\"age-panel_inner\">\n\t\t\t<div class=\"title\">\n\t\t\t\t<h1>Loo B\u00f6rsihai konto<\/h1>\n\t\t\t\t<p>Loo konto ja liitu B\u00f6rsihai investeerimism\u00e4nguga.<\/p>\n\t\t\t<\/div>\n          <form id=\"ageForm\">\n            <p>Kui vana sa oled?<\/p>\n\n            <fieldset class=\"fieldset\">\n              <input type=\"radio\" name=\"age\" id=\"age_lt13\" value=\"lt13\" required>\n              <label for=\"age_lt13\">Alla 13-aastane<\/label><br>\n\n              <input type=\"radio\" name=\"age\" id=\"age_13_17\" value=\"13_17\">\n              <label for=\"age_13_17\">13\u201317-aastased<\/label><br>\n\n              <input type=\"radio\" name=\"age\" id=\"age_18_25\" value=\"18_25\">\n              <label for=\"age_18_25\">18\u201325-aastased<\/label><br>\n\n              <input type=\"radio\" name=\"age\" id=\"age_26plus\" value=\"26plus\">\n              <label for=\"age_26plus\">26-aastased ja vanemad<\/label>\n            <\/fieldset>\n\n            <p id=\"ageError\" class=\"callout alert\" style=\"display:none; margin-top:1rem;\"><\/p>\n\n            <button id=\"continueBtn\" type=\"submit\" class=\"button expanded\">\n              J\u00e4tka\n            <\/button>\n          <\/form>\n\t\t  <div class=\"login-callout\">\n\t\t\t<p>Sul on juba konto? <strong><a href=\"https:\/\/app.stocktrak.com\/login?clientname=borsihai&#038;lang=et\">Logi sisse<\/a><\/strong><\/p>\n\t\t  <\/div>\n        <\/div>\n      <\/div>\n    <\/div>\n  <\/div>\n<\/div>\n\n\n\n<script>\n  (function () {\n    const form = document.getElementById('ageForm');\n    const btn = document.getElementById('continueBtn');\n    const errorBox = document.getElementById('ageError');\n\n    function disableForm() {\n      \/\/ Disable all inputs + button\n      form.querySelectorAll('input, button').forEach(el => {\n        el.disabled = true;\n      });\n    }\n\n    form.addEventListener('submit', function (e) {\n      e.preventDefault();\n\n      const selected = form.querySelector('input[name=\"age\"]:checked');\n      if (!selected) return;\n\n      \/\/ Clear previous error state\n      errorBox.style.display = 'none';\n      errorBox.textContent = '';\n\n      switch (selected.value) {\n        case 'lt13':\n          errorBox.textContent =\n            'Ait\u00e4h, et tunned huvi B\u00f6rsihai m\u00e4ngu vastu. Kahjuks saavad m\u00e4ngust osa v\u00f5tta ainult \u00fcle 13-aastased.';\n          errorBox.style.display = 'block';\n\n          \/\/ Disable the form + prevent button from being pressed again\n          disableForm();\n          break;\n\n        case '13_17':\n          window.location.href =\n            'https:\/\/app.stocktrak.com\/members\/register?clientname=borsihai2&yearofbirth=2000&lang=et&sessionid=356048';\n          break;\n\n        case '18_25':\n          window.location.href =\n            'https:\/\/app.stocktrak.com\/members\/register?clientname=borsihai&yearofbirth=2000&lang=et&sessionid=356048';\n          break;\n\n        case '26plus':\n          window.location.href =\n            'https:\/\/app.stocktrak.com\/members\/register?clientname=borsihai&yearofbirth=2000&lang=et&sessionid=356048';\n          break;\n      }\n    });\n  })();\n<\/script>\n","protected":false},"excerpt":{"rendered":"<p>Loo B\u00f6rsihai konto Loo konto ja liitu B\u00f6rsihai investeerimism\u00e4nguga. Kui vana sa oled? Alla 13-aastane 13\u201317-aastased 18\u201325-aastased 26-aastased ja vanemad J\u00e4tka Sul on juba konto? Logi sisse<\/p>\n","protected":false},"author":2,"featured_media":0,"parent":0,"menu_order":0,"comment_status":"closed","ping_status":"closed","template":"page-templates\/blank-template-with-headers.php","meta":{"footnotes":""},"class_list":["post-8","page","type-page","status-publish","hentry"],"_links":{"self":[{"href":"https:\/\/sims.stocktrak.com\/borsihai\/wp-json\/wp\/v2\/pages\/8","targetHints":{"allow":["GET"]}}],"collection":[{"href":"https:\/\/sims.stocktrak.com\/borsihai\/wp-json\/wp\/v2\/pages"}],"about":[{"href":"https:\/\/sims.stocktrak.com\/borsihai\/wp-json\/wp\/v2\/types\/page"}],"author":[{"embeddable":true,"href":"https:\/\/sims.stocktrak.com\/borsihai\/wp-json\/wp\/v2\/users\/2"}],"replies":[{"embeddable":true,"href":"https:\/\/sims.stocktrak.com\/borsihai\/wp-json\/wp\/v2\/comments?post=8"}],"version-history":[{"count":12,"href":"https:\/\/sims.stocktrak.com\/borsihai\/wp-json\/wp\/v2\/pages\/8\/revisions"}],"predecessor-version":[{"id":136,"href":"https:\/\/sims.stocktrak.com\/borsihai\/wp-json\/wp\/v2\/pages\/8\/revisions\/136"}],"wp:attachment":[{"href":"https:\/\/sims.stocktrak.com\/borsihai\/wp-json\/wp\/v2\/media?parent=8"}],"curies":[{"name":"wp","href":"https:\/\/api.w.org\/{rel}","templated":true}]}}